{"id":2,"date":"2025-08-28T08:43:55","date_gmt":"2025-08-28T08:43:55","guid":{"rendered":"https:\/\/merendoncentroamericano.rkinformatika.online\/?page_id=2"},"modified":"2025-12-03T11:27:31","modified_gmt":"2025-12-03T11:27:31","slug":"inicio","status":"publish","type":"page","link":"https:\/\/merendoncentroamericano.com\/en\/","title":{"rendered":"Home"},"content":{"rendered":"<div data-elementor-type=\"wp-page\" data-elementor-id=\"2\" class=\"elementor elementor-2\" data-elementor-post-type=\"page\">\n\t\t\t\t<div class=\"elementor-element elementor-element-d240b08 e-flex e-con-boxed e-con e-parent\" data-id=\"d240b08\" data-element_type=\"container\" data-e-type=\"container\" data-settings=\"{&quot;background_background&quot;:&quot;classic&quot;}\">\n\t\t\t\t\t<div class=\"e-con-inner\">\n\t\t\t\t\t<\/div>\n\t\t\t\t<\/div>\n\t\t<div class=\"elementor-element elementor-element-345a96c e-con-full e-flex e-con e-parent\" data-id=\"345a96c\" data-element_type=\"container\" data-e-type=\"container\" data-settings=\"{&quot;background_background&quot;:&quot;classic&quot;}\">\n\t\t<div class=\"elementor-element elementor-element-4710c3e e-con-full e-flex e-con e-child\" data-id=\"4710c3e\" data-element_type=\"container\" data-e-type=\"container\" data-settings=\"{&quot;background_background&quot;:&quot;classic&quot;}\">\n\t\t\t\t<div class=\"elementor-element elementor-element-dc411b5 elementor-widget elementor-widget-heading\" data-id=\"dc411b5\" data-element_type=\"widget\" data-e-type=\"widget\" data-widget_type=\"heading.default\">\n\t\t\t\t\t<h2 class=\"elementor-heading-title elementor-size-default\">Our Story<\/h2>\t\t\t\t<\/div>\n\t\t\t\t<div class=\"elementor-element elementor-element-0afe452 elementor-widget__width-initial elementor-widget elementor-widget-text-editor\" data-id=\"0afe452\" data-element_type=\"widget\" data-e-type=\"widget\" data-widget_type=\"text-editor.default\">\n\t\t\t\t\t\t\t\t\t<p data-start=\"213\" data-end=\"555\">In the heart of Zaragoza, Merendon Centroamericano was born with a dream: to bring the authentic flavors of Mexico, Honduras, El Salvador, and Nicaragua to this city. We want each dish to be a bridge between cultures \u2014 a journey of aromas and traditions that transports you to the warmth of the tropics.<\/p><p data-start=\"557\" data-end=\"910\">Our restaurant is a warm, family-friendly space designed for you to enjoy with your loved ones, to remember your homeland, or to discover the rich gastronomy of Central America for the first time. From freshly made pupusas to flavorful pollo chuco, every recipe is born from a passion for our cuisine and a deep respect for our roots.<\/p><p data-start=\"912\" data-end=\"1103\">At Merendon, we don\u2019t just serve food \u2014 we create moments, share stories, and celebrate the diversity that brings together all Central Americans and friends of our culture here in Zaragoza.<\/p>\t\t\t\t\t\t\t\t<\/div>\n\t\t\t\t<\/div>\n\t\t\t\t<\/div>\n\t\t<div class=\"elementor-element elementor-element-5b50e44 e-con-full e-flex e-con e-parent\" data-id=\"5b50e44\" data-element_type=\"container\" data-e-type=\"container\" data-settings=\"{&quot;background_background&quot;:&quot;classic&quot;}\">\n\t\t\t\t<div class=\"elementor-element elementor-element-961b7a0 elementor-widget elementor-widget-gallery\" data-id=\"961b7a0\" data-element_type=\"widget\" data-e-type=\"widget\" data-settings=\"{&quot;columns&quot;:3,&quot;columns_tablet&quot;:3,&quot;columns_mobile&quot;:2,&quot;lazyload&quot;:&quot;yes&quot;,&quot;gallery_layout&quot;:&quot;grid&quot;,&quot;gap&quot;:{&quot;unit&quot;:&quot;px&quot;,&quot;size&quot;:10,&quot;sizes&quot;:[]},&quot;gap_tablet&quot;:{&quot;unit&quot;:&quot;px&quot;,&quot;size&quot;:10,&quot;sizes&quot;:[]},&quot;gap_mobile&quot;:{&quot;unit&quot;:&quot;px&quot;,&quot;size&quot;:10,&quot;sizes&quot;:[]},&quot;aspect_ratio&quot;:&quot;3:2&quot;,&quot;overlay_background&quot;:&quot;yes&quot;,&quot;content_hover_animation&quot;:&quot;fade-in&quot;}\" data-widget_type=\"gallery.default\">\n\t\t\t\t\t\t\t<div class=\"elementor-gallery__container\">\n\t\t\t\t\t\t\t<div class=\"e-gallery-item elementor-gallery-item elementor-animated-content\">\n\t\t\t\t\t<div class=\"e-gallery-image elementor-gallery-item__image\" data-thumbnail=\"https:\/\/merendoncentroamericano.com\/wp-content\/uploads\/2025\/08\/531993587_780783031777641_1292591019549678582_n-e1756475230263.jpg\" data-width=\"1720\" data-height=\"1290\" aria-label=\"\" role=\"img\" ><\/div>\n\t\t\t\t\t\t\t\t\t\t\t<div class=\"elementor-gallery-item__overlay\"><\/div>\n\t\t\t\t\t\t\t\t\t\t\t\t\t\t<\/div>\n\t\t\t\t\t\t\t<div class=\"e-gallery-item elementor-gallery-item elementor-animated-content\">\n\t\t\t\t\t<div class=\"e-gallery-image elementor-gallery-item__image\" data-thumbnail=\"https:\/\/merendoncentroamericano.com\/wp-content\/uploads\/2025\/08\/472518438_551779504677996_3080614881806452570_n-e1756476670316.jpg\" data-width=\"1536\" data-height=\"1423\" aria-label=\"\" role=\"img\" ><\/div>\n\t\t\t\t\t\t\t\t\t\t\t<div class=\"elementor-gallery-item__overlay\"><\/div>\n\t\t\t\t\t\t\t\t\t\t\t\t\t\t<\/div>\n\t\t\t\t\t\t\t<div class=\"e-gallery-item elementor-gallery-item elementor-animated-content\">\n\t\t\t\t\t<div class=\"e-gallery-image elementor-gallery-item__image\" data-thumbnail=\"https:\/\/merendoncentroamericano.com\/wp-content\/uploads\/2025\/08\/472106194_551796338009646_7652978082265848589_n-e1756476718229.jpg\" data-width=\"900\" data-height=\"773\" aria-label=\"\" role=\"img\" ><\/div>\n\t\t\t\t\t\t\t\t\t\t\t<div class=\"elementor-gallery-item__overlay\"><\/div>\n\t\t\t\t\t\t\t\t\t\t\t\t\t\t<\/div>\n\t\t\t\t\t\t\t<div class=\"e-gallery-item elementor-gallery-item elementor-animated-content\">\n\t\t\t\t\t<div class=\"e-gallery-image elementor-gallery-item__image\" data-thumbnail=\"https:\/\/merendoncentroamericano.com\/wp-content\/uploads\/2025\/08\/472413871_551764044679542_351451525099435018_n-e1756475382253.jpg\" data-width=\"2048\" data-height=\"1536\" aria-label=\"\" role=\"img\" ><\/div>\n\t\t\t\t\t\t\t\t\t\t\t<div class=\"elementor-gallery-item__overlay\"><\/div>\n\t\t\t\t\t\t\t\t\t\t\t\t\t\t<\/div>\n\t\t\t\t\t\t\t<div class=\"e-gallery-item elementor-gallery-item elementor-animated-content\">\n\t\t\t\t\t<div class=\"e-gallery-image elementor-gallery-item__image\" data-thumbnail=\"https:\/\/merendoncentroamericano.com\/wp-content\/uploads\/2025\/08\/468641881_520974741091806_7304377905206042859_n.jpg\" data-width=\"1536\" data-height=\"2048\" aria-label=\"\" role=\"img\" ><\/div>\n\t\t\t\t\t\t\t\t\t\t\t<div class=\"elementor-gallery-item__overlay\"><\/div>\n\t\t\t\t\t\t\t\t\t\t\t\t\t\t<\/div>\n\t\t\t\t\t\t\t<div class=\"e-gallery-item elementor-gallery-item elementor-animated-content\">\n\t\t\t\t\t<div class=\"e-gallery-image elementor-gallery-item__image\" data-thumbnail=\"https:\/\/merendoncentroamericano.com\/wp-content\/uploads\/2025\/08\/472222708_551795991343014_8420184415522760151_n.jpg\" data-width=\"2048\" data-height=\"1536\" aria-label=\"\" role=\"img\" ><\/div>\n\t\t\t\t\t\t\t\t\t\t\t<div class=\"elementor-gallery-item__overlay\"><\/div>\n\t\t\t\t\t\t\t\t\t\t\t\t\t\t<\/div>\n\t\t\t\t\t\t\t<div class=\"e-gallery-item elementor-gallery-item elementor-animated-content\">\n\t\t\t\t\t<div class=\"e-gallery-image elementor-gallery-item__image\" data-thumbnail=\"https:\/\/merendoncentroamericano.com\/wp-content\/uploads\/2025\/08\/472648929_554195401103073_2877051948054150885_n-e1756477138898.jpg\" data-width=\"2048\" data-height=\"1536\" aria-label=\"\" role=\"img\" ><\/div>\n\t\t\t\t\t\t\t\t\t\t\t<div class=\"elementor-gallery-item__overlay\"><\/div>\n\t\t\t\t\t\t\t\t\t\t\t\t\t\t<\/div>\n\t\t\t\t\t\t\t<div class=\"e-gallery-item elementor-gallery-item elementor-animated-content\">\n\t\t\t\t\t<div class=\"e-gallery-image elementor-gallery-item__image\" data-thumbnail=\"https:\/\/merendoncentroamericano.com\/wp-content\/uploads\/2025\/08\/475740634_580167458505867_1847003242151471495_n.jpg\" data-width=\"1536\" data-height=\"2048\" aria-label=\"\" role=\"img\" ><\/div>\n\t\t\t\t\t\t\t\t\t\t\t<div class=\"elementor-gallery-item__overlay\"><\/div>\n\t\t\t\t\t\t\t\t\t\t\t\t\t\t<\/div>\n\t\t\t\t\t\t\t<div class=\"e-gallery-item elementor-gallery-item elementor-animated-content\">\n\t\t\t\t\t<div class=\"e-gallery-image elementor-gallery-item__image\" data-thumbnail=\"https:\/\/merendoncentroamericano.com\/wp-content\/uploads\/2025\/08\/475974403_580167681839178_3601390928294336958_n-e1756476776683.jpg\" data-width=\"1536\" data-height=\"1427\" aria-label=\"\" role=\"img\" ><\/div>\n\t\t\t\t\t\t\t\t\t\t\t<div class=\"elementor-gallery-item__overlay\"><\/div>\n\t\t\t\t\t\t\t\t\t\t\t\t\t\t<\/div>\n\t\t\t\t\t\t\t<div class=\"e-gallery-item elementor-gallery-item elementor-animated-content\">\n\t\t\t\t\t<div class=\"e-gallery-image elementor-gallery-item__image\" data-thumbnail=\"https:\/\/merendoncentroamericano.com\/wp-content\/uploads\/2025\/09\/WhatsApp-Image-2025-09-05-at-09.08.35-e1757056898484.jpeg\" data-width=\"768\" data-height=\"572\" aria-label=\"\" role=\"img\" ><\/div>\n\t\t\t\t\t\t\t\t\t\t\t<div class=\"elementor-gallery-item__overlay\"><\/div>\n\t\t\t\t\t\t\t\t\t\t\t\t\t\t<\/div>\n\t\t\t\t\t<\/div>\n\t\t\t\t\t<\/div>\n\t\t\t\t<\/div>\n\t\t\t\t<\/div>","protected":false},"excerpt":{"rendered":"<p>Nuestra Historia En pleno coraz\u00f3n de Zaragoza, nace Merendon Centroamericano con un sue\u00f1o: acercar a esta ciudad los aut\u00e9nticos sabores de M\u00e9xico, Honduras, El Salvador y Nicaragua. Queremos que cada plato sea un puente entre culturas, un viaje de aromas y tradiciones que te transporte al calor del tr\u00f3pico. Nuestro restaurante es un espacio c\u00e1lido [&hellip;]<\/p>\n","protected":false},"author":1,"featured_media":0,"parent":0,"menu_order":0,"comment_status":"closed","ping_status":"closed","template":"elementor_canvas","meta":{"footnotes":""},"class_list":["post-2","page","type-page","status-publish","hentry"],"yoast_head":"<!-- This site is optimized with the Yoast SEO plugin v27.3 - https:\/\/yoast.com\/product\/yoast-seo-wordpress\/ -->\n<title>Inicio - Merendon Centroam\u00e9ricano<\/title>\n<meta name=\"robots\" content=\"index, follow, max-snippet:-1, max-image-preview:large, max-video-preview:-1\" \/>\n<link rel=\"canonical\" href=\"https:\/\/merendoncentroamericano.com\/en\/\" \/>\n<meta property=\"og:locale\" content=\"en_US\" \/>\n<meta property=\"og:type\" content=\"article\" \/>\n<meta property=\"og:title\" content=\"Inicio - Merendon Centroam\u00e9ricano\" \/>\n<meta property=\"og:description\" content=\"Nuestra Historia En pleno coraz\u00f3n de Zaragoza, nace Merendon Centroamericano con un sue\u00f1o: acercar a esta ciudad los aut\u00e9nticos sabores de M\u00e9xico, Honduras, El Salvador y Nicaragua. Queremos que cada plato sea un puente entre culturas, un viaje de aromas y tradiciones que te transporte al calor del tr\u00f3pico. Nuestro restaurante es un espacio c\u00e1lido [&hellip;]\" \/>\n<meta property=\"og:url\" content=\"https:\/\/merendoncentroamericano.com\/en\/\" \/>\n<meta property=\"og:site_name\" content=\"Merendon Centroam\u00e9ricano\" \/>\n<meta property=\"article:modified_time\" content=\"2025-12-03T11:27:31+00:00\" \/>\n<meta name=\"twitter:card\" content=\"summary_large_image\" \/>\n<meta name=\"twitter:label1\" content=\"Est. reading time\" \/>\n\t<meta name=\"twitter:data1\" content=\"1 minute\" \/>\n<script type=\"application\/ld+json\" class=\"yoast-schema-graph\">{\"@context\":\"https:\\\/\\\/schema.org\",\"@graph\":[{\"@type\":\"WebPage\",\"@id\":\"https:\\\/\\\/merendoncentroamericano.com\\\/\",\"url\":\"https:\\\/\\\/merendoncentroamericano.com\\\/\",\"name\":\"Inicio - Merendon Centroam\u00e9ricano\",\"isPartOf\":{\"@id\":\"https:\\\/\\\/merendoncentroamericano.com\\\/#website\"},\"datePublished\":\"2025-08-28T08:43:55+00:00\",\"dateModified\":\"2025-12-03T11:27:31+00:00\",\"breadcrumb\":{\"@id\":\"https:\\\/\\\/merendoncentroamericano.com\\\/#breadcrumb\"},\"inLanguage\":\"en-US\",\"potentialAction\":[{\"@type\":\"ReadAction\",\"target\":[\"https:\\\/\\\/merendoncentroamericano.com\\\/\"]}]},{\"@type\":\"BreadcrumbList\",\"@id\":\"https:\\\/\\\/merendoncentroamericano.com\\\/#breadcrumb\",\"itemListElement\":[{\"@type\":\"ListItem\",\"position\":1,\"name\":\"Portada\",\"item\":\"https:\\\/\\\/merendoncentroamericano.com\\\/\"},{\"@type\":\"ListItem\",\"position\":2,\"name\":\"Inicio\"}]},{\"@type\":\"WebSite\",\"@id\":\"https:\\\/\\\/merendoncentroamericano.com\\\/#website\",\"url\":\"https:\\\/\\\/merendoncentroamericano.com\\\/\",\"name\":\"Merendon Centroam\u00e9ricano\",\"description\":\"Descubre el aut\u00e9ntico sabor centroamericano en Zaragoza: baleadas, yuca con chicharr\u00f3n, tamales, pupusas, ceviche y tacos veganos llenos de tradici\u00f3n. \",\"potentialAction\":[{\"@type\":\"SearchAction\",\"target\":{\"@type\":\"EntryPoint\",\"urlTemplate\":\"https:\\\/\\\/merendoncentroamericano.com\\\/?s={search_term_string}\"},\"query-input\":{\"@type\":\"PropertyValueSpecification\",\"valueRequired\":true,\"valueName\":\"search_term_string\"}}],\"inLanguage\":\"en-US\"}]}<\/script>\n<!-- \/ Yoast SEO plugin. -->","yoast_head_json":{"title":"Inicio - Merendon Centroam\u00e9ricano","robots":{"index":"index","follow":"follow","max-snippet":"max-snippet:-1","max-image-preview":"max-image-preview:large","max-video-preview":"max-video-preview:-1"},"canonical":"https:\/\/merendoncentroamericano.com\/en\/","og_locale":"en_US","og_type":"article","og_title":"Inicio - Merendon Centroam\u00e9ricano","og_description":"Nuestra Historia En pleno coraz\u00f3n de Zaragoza, nace Merendon Centroamericano con un sue\u00f1o: acercar a esta ciudad los aut\u00e9nticos sabores de M\u00e9xico, Honduras, El Salvador y Nicaragua. Queremos que cada plato sea un puente entre culturas, un viaje de aromas y tradiciones que te transporte al calor del tr\u00f3pico. Nuestro restaurante es un espacio c\u00e1lido [&hellip;]","og_url":"https:\/\/merendoncentroamericano.com\/en\/","og_site_name":"Merendon Centroam\u00e9ricano","article_modified_time":"2025-12-03T11:27:31+00:00","twitter_card":"summary_large_image","twitter_misc":{"Est. reading time":"1 minute"},"schema":{"@context":"https:\/\/schema.org","@graph":[{"@type":"WebPage","@id":"https:\/\/merendoncentroamericano.com\/","url":"https:\/\/merendoncentroamericano.com\/","name":"Inicio - Merendon Centroam\u00e9ricano","isPartOf":{"@id":"https:\/\/merendoncentroamericano.com\/#website"},"datePublished":"2025-08-28T08:43:55+00:00","dateModified":"2025-12-03T11:27:31+00:00","breadcrumb":{"@id":"https:\/\/merendoncentroamericano.com\/#breadcrumb"},"inLanguage":"en-US","potentialAction":[{"@type":"ReadAction","target":["https:\/\/merendoncentroamericano.com\/"]}]},{"@type":"BreadcrumbList","@id":"https:\/\/merendoncentroamericano.com\/#breadcrumb","itemListElement":[{"@type":"ListItem","position":1,"name":"Portada","item":"https:\/\/merendoncentroamericano.com\/"},{"@type":"ListItem","position":2,"name":"Inicio"}]},{"@type":"WebSite","@id":"https:\/\/merendoncentroamericano.com\/#website","url":"https:\/\/merendoncentroamericano.com\/","name":"Merendon Centroam\u00e9ricano","description":"Descubre el aut\u00e9ntico sabor centroamericano en Zaragoza: baleadas, yuca con chicharr\u00f3n, tamales, pupusas, ceviche y tacos veganos llenos de tradici\u00f3n.","potentialAction":[{"@type":"SearchAction","target":{"@type":"EntryPoint","urlTemplate":"https:\/\/merendoncentroamericano.com\/?s={search_term_string}"},"query-input":{"@type":"PropertyValueSpecification","valueRequired":true,"valueName":"search_term_string"}}],"inLanguage":"en-US"}]}},"_links":{"self":[{"href":"https:\/\/merendoncentroamericano.com\/en\/wp-json\/wp\/v2\/pages\/2","targetHints":{"allow":["GET"]}}],"collection":[{"href":"https:\/\/merendoncentroamericano.com\/en\/wp-json\/wp\/v2\/pages"}],"about":[{"href":"https:\/\/merendoncentroamericano.com\/en\/wp-json\/wp\/v2\/types\/page"}],"author":[{"embeddable":true,"href":"https:\/\/merendoncentroamericano.com\/en\/wp-json\/wp\/v2\/users\/1"}],"replies":[{"embeddable":true,"href":"https:\/\/merendoncentroamericano.com\/en\/wp-json\/wp\/v2\/comments?post=2"}],"version-history":[{"count":142,"href":"https:\/\/merendoncentroamericano.com\/en\/wp-json\/wp\/v2\/pages\/2\/revisions"}],"predecessor-version":[{"id":509,"href":"https:\/\/merendoncentroamericano.com\/en\/wp-json\/wp\/v2\/pages\/2\/revisions\/509"}],"wp:attachment":[{"href":"https:\/\/merendoncentroamericano.com\/en\/wp-json\/wp\/v2\/media?parent=2"}],"curies":[{"name":"wp","href":"https:\/\/api.w.org\/{rel}","templated":true}]}}