{"id":17,"date":"2025-08-28T09:12:44","date_gmt":"2025-08-28T09:12:44","guid":{"rendered":"https:\/\/merendoncentroamericano.rkinformatika.online\/?page_id=17"},"modified":"2025-12-03T11:32:49","modified_gmt":"2025-12-03T11:32:49","slug":"carta","status":"publish","type":"page","link":"https:\/\/merendoncentroamericano.com\/en\/carta\/","title":{"rendered":"Menu"},"content":{"rendered":"<div data-elementor-type=\"wp-page\" data-elementor-id=\"17\" class=\"elementor elementor-17\" data-elementor-post-type=\"page\">\n\t\t\t\t<div class=\"elementor-element elementor-element-dd10025 e-flex e-con-boxed e-con e-parent\" data-id=\"dd10025\" data-element_type=\"container\" data-e-type=\"container\" data-settings=\"{&quot;background_background&quot;:&quot;classic&quot;}\">\n\t\t\t\t\t<div class=\"e-con-inner\">\n\t\t\t\t<div class=\"elementor-element elementor-element-b59fb20 elementor-widget__width-initial elementor-widget-tablet__width-initial elementor-widget elementor-widget-heading\" data-id=\"b59fb20\" data-element_type=\"widget\" data-e-type=\"widget\" data-widget_type=\"heading.default\">\n\t\t\t\t\t<h2 class=\"elementor-heading-title elementor-size-default\">\u00a1Descarga nuestra carta y mira todo lo que tenemos para ofrecerte!<\/h2>\t\t\t\t<\/div>\n\t\t\t\t<div class=\"elementor-element elementor-element-c423b93 elementor-align-center elementor-widget elementor-widget-button\" data-id=\"c423b93\" data-element_type=\"widget\" data-e-type=\"widget\" data-widget_type=\"button.default\">\n\t\t\t\t\t\t\t\t\t\t<a class=\"elementor-button elementor-button-link elementor-size-sm\" href=\"https:\/\/merendoncentroamericano.com\/wp-content\/uploads\/2025\/09\/CARTA-MERENDON-2025.pdf\">\n\t\t\t\t\t\t<span class=\"elementor-button-content-wrapper\">\n\t\t\t\t\t\t\t\t\t<span class=\"elementor-button-text\">DESCARGAR CARTA<\/span>\n\t\t\t\t\t<\/span>\n\t\t\t\t\t<\/a>\n\t\t\t\t\t\t\t\t<\/div>\n\t\t\t\t\t<\/div>\n\t\t\t\t<\/div>\n\t\t<div class=\"elementor-element elementor-element-00b623d e-flex e-con-boxed e-con e-parent\" data-id=\"00b623d\" data-element_type=\"container\" data-e-type=\"container\">\n\t\t\t\t\t<div class=\"e-con-inner\">\n\t\t<div class=\"elementor-element elementor-element-e8eb123 e-con-full e-flex e-con e-child\" data-id=\"e8eb123\" data-element_type=\"container\" data-e-type=\"container\">\n\t\t\t\t<div class=\"elementor-element elementor-element-0d4d3db elementor-widget elementor-widget-image\" data-id=\"0d4d3db\" data-element_type=\"widget\" data-e-type=\"widget\" data-widget_type=\"image.default\">\n\t\t\t\t\t\t\t\t\t\t\t\t\t\t\t<img decoding=\"async\" src=\"https:\/\/merendoncentroamericano.com\/wp-content\/uploads\/elementor\/thumbs\/531993587_780783031777641_1292591019549678582_n-e1756475230263-raz27lcoti6dt3a0x4xc37gvurquymupmdtnbxjmao.jpg\" title=\"\" alt=\"\" loading=\"lazy\" \/>\t\t\t\t\t\t\t\t\t\t\t\t\t\t\t<\/div>\n\t\t\t\t<div class=\"elementor-element elementor-element-3859683 elementor-widget elementor-widget-heading\" data-id=\"3859683\" data-element_type=\"widget\" data-e-type=\"widget\" data-widget_type=\"heading.default\">\n\t\t\t\t\t<h2 class=\"elementor-heading-title elementor-size-default\">Raciones<\/h2>\t\t\t\t<\/div>\n\t\t\t\t<\/div>\n\t\t<div class=\"elementor-element elementor-element-641b56f e-con-full e-flex e-con e-child\" data-id=\"641b56f\" data-element_type=\"container\" data-e-type=\"container\">\n\t\t\t\t<div class=\"elementor-element elementor-element-c0ad3f5 elementor-widget elementor-widget-image\" data-id=\"c0ad3f5\" data-element_type=\"widget\" data-e-type=\"widget\" data-widget_type=\"image.default\">\n\t\t\t\t\t\t\t\t\t\t\t\t\t\t\t<img decoding=\"async\" src=\"https:\/\/merendoncentroamericano.com\/wp-content\/uploads\/elementor\/thumbs\/468641881_520974741091806_7304377905206042859_n-rax63knaj3jpcyz1zqka6gs1ajfsf9i6u0hvnj6fts.jpg\" title=\"\" alt=\"\" loading=\"lazy\" \/>\t\t\t\t\t\t\t\t\t\t\t\t\t\t\t<\/div>\n\t\t\t\t<div class=\"elementor-element elementor-element-0889b95 elementor-widget elementor-widget-heading\" data-id=\"0889b95\" data-element_type=\"widget\" data-e-type=\"widget\" data-widget_type=\"heading.default\">\n\t\t\t\t\t<h2 class=\"elementor-heading-title elementor-size-default\">Platos \u00fanicos<\/h2>\t\t\t\t<\/div>\n\t\t\t\t<\/div>\n\t\t<div class=\"elementor-element elementor-element-578929e e-con-full e-flex e-con e-child\" data-id=\"578929e\" data-element_type=\"container\" data-e-type=\"container\">\n\t\t\t\t<div class=\"elementor-element elementor-element-61a8834 elementor-widget elementor-widget-image\" data-id=\"61a8834\" data-element_type=\"widget\" data-e-type=\"widget\" data-widget_type=\"image.default\">\n\t\t\t\t\t\t\t\t\t\t\t\t\t\t\t<img decoding=\"async\" src=\"https:\/\/merendoncentroamericano.com\/wp-content\/uploads\/elementor\/thumbs\/472413871_551764044679542_351451525099435018_n-e1756475382253-raz2bk85oblyttihquomm7ey5c6ngmlwu0zg9zns0w.jpg\" title=\"\" alt=\"\" loading=\"lazy\" \/>\t\t\t\t\t\t\t\t\t\t\t\t\t\t\t<\/div>\n\t\t\t\t<div class=\"elementor-element elementor-element-cdb235f elementor-widget elementor-widget-heading\" data-id=\"cdb235f\" data-element_type=\"widget\" data-e-type=\"widget\" data-widget_type=\"heading.default\">\n\t\t\t\t\t<h2 class=\"elementor-heading-title elementor-size-default\">Platos combinados<\/h2>\t\t\t\t<\/div>\n\t\t\t\t<\/div>\n\t\t<div class=\"elementor-element elementor-element-fc4526c e-con-full e-flex e-con e-child\" data-id=\"fc4526c\" data-element_type=\"container\" data-e-type=\"container\">\n\t\t\t\t<div class=\"elementor-element elementor-element-a2ec7f0 elementor-widget elementor-widget-image\" data-id=\"a2ec7f0\" data-element_type=\"widget\" data-e-type=\"widget\" data-widget_type=\"image.default\">\n\t\t\t\t\t\t\t\t\t\t\t\t\t\t\t<img decoding=\"async\" src=\"https:\/\/merendoncentroamericano.com\/wp-content\/uploads\/elementor\/thumbs\/472106194_551796338009646_7652978082265848589_n-e1756476718229-raz3ag0jazd1ouue1xi75eirs491493ayok5fnxt40.jpg\" title=\"\" alt=\"\" loading=\"lazy\" \/>\t\t\t\t\t\t\t\t\t\t\t\t\t\t\t<\/div>\n\t\t\t\t<div class=\"elementor-element elementor-element-bc1e97c elementor-widget elementor-widget-heading\" data-id=\"bc1e97c\" data-element_type=\"widget\" data-e-type=\"widget\" data-widget_type=\"heading.default\">\n\t\t\t\t\t<h2 class=\"elementor-heading-title elementor-size-default\">Para compartir<\/h2>\t\t\t\t<\/div>\n\t\t\t\t<\/div>\n\t\t<div class=\"elementor-element elementor-element-cbdf79e e-con-full e-flex e-con e-child\" data-id=\"cbdf79e\" data-element_type=\"container\" data-e-type=\"container\">\n\t\t\t\t<div class=\"elementor-element elementor-element-81c5039 elementor-widget elementor-widget-image\" data-id=\"81c5039\" data-element_type=\"widget\" data-e-type=\"widget\" data-widget_type=\"image.default\">\n\t\t\t\t\t\t\t\t\t\t\t\t\t\t\t<img decoding=\"async\" src=\"https:\/\/merendoncentroamericano.com\/wp-content\/uploads\/elementor\/thumbs\/475740634_580167458505867_1847003242151471495_n-rax63xt16s1pvifxuw925dghlxmxf0yfjtmodemxeo.jpg\" title=\"\" alt=\"\" loading=\"lazy\" \/>\t\t\t\t\t\t\t\t\t\t\t\t\t\t\t<\/div>\n\t\t\t\t<div class=\"elementor-element elementor-element-5875c22 elementor-widget elementor-widget-heading\" data-id=\"5875c22\" data-element_type=\"widget\" data-e-type=\"widget\" data-widget_type=\"heading.default\">\n\t\t\t\t\t<h2 class=\"elementor-heading-title elementor-size-default\">Refrescos y Zumos naturales<\/h2>\t\t\t\t<\/div>\n\t\t\t\t<\/div>\n\t\t<div class=\"elementor-element elementor-element-4ceb3a8 e-con-full e-flex e-con e-child\" data-id=\"4ceb3a8\" data-element_type=\"container\" data-e-type=\"container\">\n\t\t\t\t<div class=\"elementor-element elementor-element-416a3c3 elementor-widget elementor-widget-image\" data-id=\"416a3c3\" data-element_type=\"widget\" data-e-type=\"widget\" data-widget_type=\"image.default\">\n\t\t\t\t\t\t\t\t\t\t\t\t\t\t\t<img decoding=\"async\" src=\"https:\/\/merendoncentroamericano.com\/wp-content\/uploads\/elementor\/thumbs\/475847318_580167735172506_6698102614318646327_n-rax6224niph2nl68u2zx5ujau6wi0thrainpthf9uo.jpg\" title=\"\" alt=\"\" loading=\"lazy\" \/>\t\t\t\t\t\t\t\t\t\t\t\t\t\t\t<\/div>\n\t\t\t\t<div class=\"elementor-element elementor-element-79b628e elementor-widget elementor-widget-heading\" data-id=\"79b628e\" data-element_type=\"widget\" data-e-type=\"widget\" data-widget_type=\"heading.default\">\n\t\t\t\t\t<h2 class=\"elementor-heading-title elementor-size-default\">Cervezas centroamericanas<\/h2>\t\t\t\t<\/div>\n\t\t\t\t<\/div>\n\t\t<div class=\"elementor-element elementor-element-59a2416 e-con-full e-flex e-con e-child\" data-id=\"59a2416\" data-element_type=\"container\" data-e-type=\"container\">\n\t\t\t\t<div class=\"elementor-element elementor-element-f291152 elementor-widget elementor-widget-image\" data-id=\"f291152\" data-element_type=\"widget\" data-e-type=\"widget\" data-widget_type=\"image.default\">\n\t\t\t\t\t\t\t\t\t\t\t\t\t\t\t<img decoding=\"async\" src=\"https:\/\/merendoncentroamericano.com\/wp-content\/uploads\/elementor\/thumbs\/475974403_580167681839178_3601390928294336958_n-e1756476776683-raz3byj6bdfoe8n77l2k60ri8gsbip3qi6eb9poz34.jpg\" title=\"\" alt=\"\" loading=\"lazy\" \/>\t\t\t\t\t\t\t\t\t\t\t\t\t\t\t<\/div>\n\t\t\t\t<div class=\"elementor-element elementor-element-b9e96a2 elementor-widget elementor-widget-heading\" data-id=\"b9e96a2\" data-element_type=\"widget\" data-e-type=\"widget\" data-widget_type=\"heading.default\">\n\t\t\t\t\t<h2 class=\"elementor-heading-title elementor-size-default\">Bebidas Alcoh\u00f3licas<\/h2>\t\t\t\t<\/div>\n\t\t\t\t<\/div>\n\t\t<div class=\"elementor-element elementor-element-e858d60 e-con-full e-flex e-con e-child\" data-id=\"e858d60\" data-element_type=\"container\" data-e-type=\"container\" data-settings=\"{&quot;background_background&quot;:&quot;classic&quot;}\">\n\t\t\t\t<div class=\"elementor-element elementor-element-adb0f62 elementor-align-center elementor-widget elementor-widget-button\" data-id=\"adb0f62\" data-element_type=\"widget\" data-e-type=\"widget\" data-widget_type=\"button.default\">\n\t\t\t\t\t\t\t\t\t\t<a class=\"elementor-button elementor-button-link elementor-size-sm\" href=\"https:\/\/merendoncentroamericano.com\/wp-content\/uploads\/2025\/09\/CARTA-MERENDON-2025.pdf\">\n\t\t\t\t\t\t<span class=\"elementor-button-content-wrapper\">\n\t\t\t\t\t\t\t\t\t<span class=\"elementor-button-text\">DESCARGAR CARTA<\/span>\n\t\t\t\t\t<\/span>\n\t\t\t\t\t<\/a>\n\t\t\t\t\t\t\t\t<\/div>\n\t\t\t\t<\/div>\n\t\t\t\t\t<\/div>\n\t\t\t\t<\/div>\n\t\t\t\t<\/div>","protected":false},"excerpt":{"rendered":"<p>\u00a1Descarga nuestra carta y mira todo lo que tenemos para ofrecerte! DESCARGAR CARTA Raciones Platos \u00fanicos Platos combinados Para compartir Refrescos y Zumos naturales Cervezas centroamericanas Bebidas Alcoh\u00f3licas DESCARGAR CARTA<\/p>","protected":false},"author":1,"featured_media":0,"parent":0,"menu_order":0,"comment_status":"closed","ping_status":"closed","template":"elementor_canvas","meta":{"footnotes":""},"class_list":["post-17","page","type-page","status-publish","hentry"],"yoast_head":"<!-- This site is optimized with the Yoast SEO plugin v27.3 - https:\/\/yoast.com\/product\/yoast-seo-wordpress\/ -->\n<title>Carta - Merendon Centroam\u00e9ricano<\/title>\n<meta name=\"robots\" content=\"index, follow, max-snippet:-1, max-image-preview:large, max-video-preview:-1\" \/>\n<link rel=\"canonical\" href=\"https:\/\/merendoncentroamericano.com\/en\/carta\/\" \/>\n<meta property=\"og:locale\" content=\"en_US\" \/>\n<meta property=\"og:type\" content=\"article\" \/>\n<meta property=\"og:title\" content=\"Carta - Merendon Centroam\u00e9ricano\" \/>\n<meta property=\"og:description\" content=\"\u00a1Descarga nuestra carta y mira todo lo que tenemos para ofrecerte! DESCARGAR CARTA Raciones Platos \u00fanicos Platos combinados Para compartir Refrescos y Zumos naturales Cervezas centroamericanas Bebidas Alcoh\u00f3licas DESCARGAR CARTA\" \/>\n<meta property=\"og:url\" content=\"https:\/\/merendoncentroamericano.com\/en\/carta\/\" \/>\n<meta property=\"og:site_name\" content=\"Merendon Centroam\u00e9ricano\" \/>\n<meta property=\"article:modified_time\" content=\"2025-12-03T11:32:49+00:00\" \/>\n<meta property=\"og:image\" content=\"https:\/\/merendoncentroamericano.com\/wp-content\/uploads\/elementor\/thumbs\/531993587_780783031777641_1292591019549678582_n-e1756475230263-raz27lcoti6dt3a0x4xc37gvurquymupmdtnbxjmao.jpg\" \/>\n<meta name=\"twitter:card\" content=\"summary_large_image\" \/>\n<meta name=\"twitter:label1\" content=\"Est. reading time\" \/>\n\t<meta name=\"twitter:data1\" content=\"1 minute\" \/>\n<script type=\"application\/ld+json\" class=\"yoast-schema-graph\">{\"@context\":\"https:\\\/\\\/schema.org\",\"@graph\":[{\"@type\":\"WebPage\",\"@id\":\"https:\\\/\\\/merendoncentroamericano.com\\\/carta\\\/\",\"url\":\"https:\\\/\\\/merendoncentroamericano.com\\\/carta\\\/\",\"name\":\"Carta - Merendon Centroam\u00e9ricano\",\"isPartOf\":{\"@id\":\"https:\\\/\\\/merendoncentroamericano.com\\\/#website\"},\"primaryImageOfPage\":{\"@id\":\"https:\\\/\\\/merendoncentroamericano.com\\\/carta\\\/#primaryimage\"},\"image\":{\"@id\":\"https:\\\/\\\/merendoncentroamericano.com\\\/carta\\\/#primaryimage\"},\"thumbnailUrl\":\"https:\\\/\\\/merendoncentroamericano.com\\\/wp-content\\\/uploads\\\/elementor\\\/thumbs\\\/531993587_780783031777641_1292591019549678582_n-e1756475230263-raz27lcoti6dt3a0x4xc37gvurquymupmdtnbxjmao.jpg\",\"datePublished\":\"2025-08-28T09:12:44+00:00\",\"dateModified\":\"2025-12-03T11:32:49+00:00\",\"breadcrumb\":{\"@id\":\"https:\\\/\\\/merendoncentroamericano.com\\\/carta\\\/#breadcrumb\"},\"inLanguage\":\"en-US\",\"potentialAction\":[{\"@type\":\"ReadAction\",\"target\":[\"https:\\\/\\\/merendoncentroamericano.com\\\/carta\\\/\"]}]},{\"@type\":\"ImageObject\",\"inLanguage\":\"en-US\",\"@id\":\"https:\\\/\\\/merendoncentroamericano.com\\\/carta\\\/#primaryimage\",\"url\":\"https:\\\/\\\/merendoncentroamericano.com\\\/wp-content\\\/uploads\\\/elementor\\\/thumbs\\\/531993587_780783031777641_1292591019549678582_n-e1756475230263-raz27lcoti6dt3a0x4xc37gvurquymupmdtnbxjmao.jpg\",\"contentUrl\":\"https:\\\/\\\/merendoncentroamericano.com\\\/wp-content\\\/uploads\\\/elementor\\\/thumbs\\\/531993587_780783031777641_1292591019549678582_n-e1756475230263-raz27lcoti6dt3a0x4xc37gvurquymupmdtnbxjmao.jpg\"},{\"@type\":\"BreadcrumbList\",\"@id\":\"https:\\\/\\\/merendoncentroamericano.com\\\/carta\\\/#breadcrumb\",\"itemListElement\":[{\"@type\":\"ListItem\",\"position\":1,\"name\":\"Portada\",\"item\":\"https:\\\/\\\/merendoncentroamericano.com\\\/\"},{\"@type\":\"ListItem\",\"position\":2,\"name\":\"Carta\"}]},{\"@type\":\"WebSite\",\"@id\":\"https:\\\/\\\/merendoncentroamericano.com\\\/#website\",\"url\":\"https:\\\/\\\/merendoncentroamericano.com\\\/\",\"name\":\"Merendon Centroam\u00e9ricano\",\"description\":\"Descubre el aut\u00e9ntico sabor centroamericano en Zaragoza: baleadas, yuca con chicharr\u00f3n, tamales, pupusas, ceviche y tacos veganos llenos de tradici\u00f3n. \",\"potentialAction\":[{\"@type\":\"SearchAction\",\"target\":{\"@type\":\"EntryPoint\",\"urlTemplate\":\"https:\\\/\\\/merendoncentroamericano.com\\\/?s={search_term_string}\"},\"query-input\":{\"@type\":\"PropertyValueSpecification\",\"valueRequired\":true,\"valueName\":\"search_term_string\"}}],\"inLanguage\":\"en-US\"}]}<\/script>\n<!-- \/ Yoast SEO plugin. -->","yoast_head_json":{"title":"Carta - Merendon Centroam\u00e9ricano","robots":{"index":"index","follow":"follow","max-snippet":"max-snippet:-1","max-image-preview":"max-image-preview:large","max-video-preview":"max-video-preview:-1"},"canonical":"https:\/\/merendoncentroamericano.com\/en\/carta\/","og_locale":"en_US","og_type":"article","og_title":"Carta - Merendon Centroam\u00e9ricano","og_description":"\u00a1Descarga nuestra carta y mira todo lo que tenemos para ofrecerte! DESCARGAR CARTA Raciones Platos \u00fanicos Platos combinados Para compartir Refrescos y Zumos naturales Cervezas centroamericanas Bebidas Alcoh\u00f3licas DESCARGAR CARTA","og_url":"https:\/\/merendoncentroamericano.com\/en\/carta\/","og_site_name":"Merendon Centroam\u00e9ricano","article_modified_time":"2025-12-03T11:32:49+00:00","og_image":[{"url":"https:\/\/merendoncentroamericano.com\/wp-content\/uploads\/elementor\/thumbs\/531993587_780783031777641_1292591019549678582_n-e1756475230263-raz27lcoti6dt3a0x4xc37gvurquymupmdtnbxjmao.jpg","type":"","width":"","height":""}],"twitter_card":"summary_large_image","twitter_misc":{"Est. reading time":"1 minute"},"schema":{"@context":"https:\/\/schema.org","@graph":[{"@type":"WebPage","@id":"https:\/\/merendoncentroamericano.com\/carta\/","url":"https:\/\/merendoncentroamericano.com\/carta\/","name":"Carta - Merendon Centroam\u00e9ricano","isPartOf":{"@id":"https:\/\/merendoncentroamericano.com\/#website"},"primaryImageOfPage":{"@id":"https:\/\/merendoncentroamericano.com\/carta\/#primaryimage"},"image":{"@id":"https:\/\/merendoncentroamericano.com\/carta\/#primaryimage"},"thumbnailUrl":"https:\/\/merendoncentroamericano.com\/wp-content\/uploads\/elementor\/thumbs\/531993587_780783031777641_1292591019549678582_n-e1756475230263-raz27lcoti6dt3a0x4xc37gvurquymupmdtnbxjmao.jpg","datePublished":"2025-08-28T09:12:44+00:00","dateModified":"2025-12-03T11:32:49+00:00","breadcrumb":{"@id":"https:\/\/merendoncentroamericano.com\/carta\/#breadcrumb"},"inLanguage":"en-US","potentialAction":[{"@type":"ReadAction","target":["https:\/\/merendoncentroamericano.com\/carta\/"]}]},{"@type":"ImageObject","inLanguage":"en-US","@id":"https:\/\/merendoncentroamericano.com\/carta\/#primaryimage","url":"https:\/\/merendoncentroamericano.com\/wp-content\/uploads\/elementor\/thumbs\/531993587_780783031777641_1292591019549678582_n-e1756475230263-raz27lcoti6dt3a0x4xc37gvurquymupmdtnbxjmao.jpg","contentUrl":"https:\/\/merendoncentroamericano.com\/wp-content\/uploads\/elementor\/thumbs\/531993587_780783031777641_1292591019549678582_n-e1756475230263-raz27lcoti6dt3a0x4xc37gvurquymupmdtnbxjmao.jpg"},{"@type":"BreadcrumbList","@id":"https:\/\/merendoncentroamericano.com\/carta\/#breadcrumb","itemListElement":[{"@type":"ListItem","position":1,"name":"Portada","item":"https:\/\/merendoncentroamericano.com\/"},{"@type":"ListItem","position":2,"name":"Carta"}]},{"@type":"WebSite","@id":"https:\/\/merendoncentroamericano.com\/#website","url":"https:\/\/merendoncentroamericano.com\/","name":"Merendon Centroam\u00e9ricano","description":"Descubre el aut\u00e9ntico sabor centroamericano en Zaragoza: baleadas, yuca con chicharr\u00f3n, tamales, pupusas, ceviche y tacos veganos llenos de tradici\u00f3n.","potentialAction":[{"@type":"SearchAction","target":{"@type":"EntryPoint","urlTemplate":"https:\/\/merendoncentroamericano.com\/?s={search_term_string}"},"query-input":{"@type":"PropertyValueSpecification","valueRequired":true,"valueName":"search_term_string"}}],"inLanguage":"en-US"}]}},"_links":{"self":[{"href":"https:\/\/merendoncentroamericano.com\/en\/wp-json\/wp\/v2\/pages\/17","targetHints":{"allow":["GET"]}}],"collection":[{"href":"https:\/\/merendoncentroamericano.com\/en\/wp-json\/wp\/v2\/pages"}],"about":[{"href":"https:\/\/merendoncentroamericano.com\/en\/wp-json\/wp\/v2\/types\/page"}],"author":[{"embeddable":true,"href":"https:\/\/merendoncentroamericano.com\/en\/wp-json\/wp\/v2\/users\/1"}],"replies":[{"embeddable":true,"href":"https:\/\/merendoncentroamericano.com\/en\/wp-json\/wp\/v2\/comments?post=17"}],"version-history":[{"count":97,"href":"https:\/\/merendoncentroamericano.com\/en\/wp-json\/wp\/v2\/pages\/17\/revisions"}],"predecessor-version":[{"id":518,"href":"https:\/\/merendoncentroamericano.com\/en\/wp-json\/wp\/v2\/pages\/17\/revisions\/518"}],"wp:attachment":[{"href":"https:\/\/merendoncentroamericano.com\/en\/wp-json\/wp\/v2\/media?parent=17"}],"curies":[{"name":"wp","href":"https:\/\/api.w.org\/{rel}","templated":true}]}}